{"id":39,"date":"2025-09-29T14:49:30","date_gmt":"2025-09-29T14:49:30","guid":{"rendered":"https:\/\/lesamisdelindigo.fr\/?page_id=39"},"modified":"2026-03-17T14:29:25","modified_gmt":"2026-03-17T14:29:25","slug":"accueil","status":"publish","type":"page","link":"https:\/\/lesamisdelindigo.fr\/","title":{"rendered":"Accueil"},"content":{"rendered":"\t\t<div data-elementor-type=\"wp-page\" data-elementor-id=\"39\" class=\"elementor elementor-39\">\n\t\t\t\t<div class=\"elementor-element elementor-element-3743fb9 e-con-full e-flex e-con e-parent\" data-id=\"3743fb9\" data-element_type=\"container\" data-settings=\"{&quot;background_background&quot;:&quot;classic&quot;}\">\n\t\t<div class=\"elementor-element elementor-element-254cbea e-flex e-con-boxed e-con e-child\" data-id=\"254cbea\" data-element_type=\"container\">\n\t\t\t\t\t<div class=\"e-con-inner\">\n\t\t\t\t<div class=\"elementor-element elementor-element-9b5082f elementor-widget__width-initial elementor-widget elementor-widget-heading\" data-id=\"9b5082f\" data-element_type=\"widget\" data-widget_type=\"heading.default\">\n\t\t\t\t\t<h1 class=\"elementor-heading-title elementor-size-default\">D\u00e9couvrez le monde <u>Indigo<\/u> et la teinture naturelle 100% \u00e9cologique<\/h1>\t\t\t\t<\/div>\n\t\t\t\t\t<\/div>\n\t\t\t\t<\/div>\n\t\t\t\t<\/div>\n\t\t<div class=\"elementor-element elementor-element-d6fc365 e-grid e-con-boxed e-con e-parent\" data-id=\"d6fc365\" data-element_type=\"container\">\n\t\t\t\t\t<div class=\"e-con-inner\">\n\t\t<div class=\"elementor-element elementor-element-89f72a3 e-con-full e-flex e-con e-child\" data-id=\"89f72a3\" data-element_type=\"container\">\n\t\t\t\t<div class=\"elementor-element elementor-element-53d56f5 elementor-widget elementor-widget-heading\" data-id=\"53d56f5\" data-element_type=\"widget\" data-widget_type=\"heading.default\">\n\t\t\t\t\t<h2 class=\"elementor-heading-title elementor-size-default\">Les Amis de l\u2019Indigo<\/h2>\t\t\t\t<\/div>\n\t\t\t\t<div class=\"elementor-element elementor-element-492971f elementor-widget elementor-widget-text-editor\" data-id=\"492971f\" data-element_type=\"widget\" data-widget_type=\"text-editor.default\">\n\t\t\t\t\t\t\t\t\t<p>Un lieu vivant sur l\u2019\u00eele de Marie-Galante o\u00f9 l\u2019on d\u00e9couvre l\u2019histoire et la spiritualit\u00e9 de la teinture indigo traditionnelle.<br data-start=\"391\" data-end=\"394\" \/>\u00c0 travers le geste, la parole et la couleur, l\u2019atelier transmet un savoir ancestral, invite \u00e0 la contemplation et \u00e0 la curiosit\u00e9, tout en pr\u00e9servant un patrimoine culturel fort.<\/p>\t\t\t\t\t\t\t\t<\/div>\n\t\t\t\t<div class=\"elementor-element elementor-element-c2f5216 elementor-align-center elementor-widget elementor-widget-button\" data-id=\"c2f5216\" data-element_type=\"widget\" data-widget_type=\"button.default\">\n\t\t\t\t\t\t\t\t\t\t<a class=\"elementor-button elementor-button-link elementor-size-sm\" href=\"#\">\n\t\t\t\t\t\t<span class=\"elementor-button-content-wrapper\">\n\t\t\t\t\t\t\t\t\t<span class=\"elementor-button-text\">\u00c0 Propos<\/span>\n\t\t\t\t\t<\/span>\n\t\t\t\t\t<\/a>\n\t\t\t\t\t\t\t\t<\/div>\n\t\t\t\t<\/div>\n\t\t\t\t<div class=\"elementor-element elementor-element-cc07edc elementor-widget elementor-widget-image\" data-id=\"cc07edc\" data-element_type=\"widget\" data-widget_type=\"image.default\">\n\t\t\t\t\t\t\t\t\t\t\t\t\t\t\t<img fetchpriority=\"high\" decoding=\"async\" width=\"768\" height=\"1024\" src=\"https:\/\/lesamisdelindigo.fr\/wp-content\/uploads\/2025\/11\/p1060167-768x1024.jpg\" class=\"attachment-medium_large size-medium_large wp-image-157\" alt=\"\" srcset=\"https:\/\/lesamisdelindigo.fr\/wp-content\/uploads\/2025\/11\/p1060167-768x1024.jpg 768w, https:\/\/lesamisdelindigo.fr\/wp-content\/uploads\/2025\/11\/p1060167-225x300.jpg 225w, https:\/\/lesamisdelindigo.fr\/wp-content\/uploads\/2025\/11\/p1060167-1152x1536.jpg 1152w, https:\/\/lesamisdelindigo.fr\/wp-content\/uploads\/2025\/11\/p1060167-1536x2048.jpg 1536w, https:\/\/lesamisdelindigo.fr\/wp-content\/uploads\/2025\/11\/p1060167-scaled.jpg 1920w\" sizes=\"(max-width: 768px) 100vw, 768px\" \/>\t\t\t\t\t\t\t\t\t\t\t\t\t\t\t<\/div>\n\t\t\t\t\t<\/div>\n\t\t\t\t<\/div>\n\t\t<div class=\"elementor-element elementor-element-80deb41 e-flex e-con-boxed e-con e-parent\" data-id=\"80deb41\" data-element_type=\"container\">\n\t\t\t\t\t<div class=\"e-con-inner\">\n\t\t\t\t<div class=\"elementor-element elementor-element-e87455b elementor-widget-divider--view-line elementor-widget elementor-widget-divider\" data-id=\"e87455b\" data-element_type=\"widget\" data-widget_type=\"divider.default\">\n\t\t\t\t\t\t\t<div class=\"elementor-divider\">\n\t\t\t<span class=\"elementor-divider-separator\">\n\t\t\t\t\t\t<\/span>\n\t\t<\/div>\n\t\t\t\t\t\t<\/div>\n\t\t\t\t\t<\/div>\n\t\t\t\t<\/div>\n\t\t<div class=\"elementor-element elementor-element-2268998 e-flex e-con-boxed e-con e-parent\" data-id=\"2268998\" data-element_type=\"container\">\n\t\t\t\t\t<div class=\"e-con-inner\">\n\t\t\t\t<div class=\"elementor-element elementor-element-957f212 elementor-widget elementor-widget-heading\" data-id=\"957f212\" data-element_type=\"widget\" data-widget_type=\"heading.default\">\n\t\t\t\t\t<h2 class=\"elementor-heading-title elementor-size-default\">Nos Activit\u00e9s<\/h2>\t\t\t\t<\/div>\n\t\t\t\t\t<\/div>\n\t\t\t\t<\/div>\n\t\t<div class=\"elementor-element elementor-element-8b1698c e-grid e-con-boxed e-con e-parent\" data-id=\"8b1698c\" data-element_type=\"container\">\n\t\t\t\t\t<div class=\"e-con-inner\">\n\t\t<div class=\"elementor-element elementor-element-3ffab12 e-con-full e-flex e-con e-child\" data-id=\"3ffab12\" data-element_type=\"container\">\n\t\t\t\t<div class=\"elementor-element elementor-element-8c7cef1 elementor-widget elementor-widget-image\" data-id=\"8c7cef1\" data-element_type=\"widget\" data-widget_type=\"image.default\">\n\t\t\t\t\t\t\t\t\t\t\t\t\t\t\t<img decoding=\"async\" width=\"650\" height=\"425\" src=\"https:\/\/lesamisdelindigo.fr\/wp-content\/uploads\/2025\/09\/IMG_1448.webp\" class=\"attachment-large size-large wp-image-21\" alt=\"\" srcset=\"https:\/\/lesamisdelindigo.fr\/wp-content\/uploads\/2025\/09\/IMG_1448.webp 650w, https:\/\/lesamisdelindigo.fr\/wp-content\/uploads\/2025\/09\/IMG_1448-300x196.webp 300w\" sizes=\"(max-width: 650px) 100vw, 650px\" \/>\t\t\t\t\t\t\t\t\t\t\t\t\t\t\t<\/div>\n\t\t\t\t<div class=\"elementor-element elementor-element-9e8f50d elementor-widget elementor-widget-heading\" data-id=\"9e8f50d\" data-element_type=\"widget\" data-widget_type=\"heading.default\">\n\t\t\t\t\t<h5 class=\"elementor-heading-title elementor-size-default\">Ateliers<\/h5>\t\t\t\t<\/div>\n\t\t\t\t<div class=\"elementor-element elementor-element-5e540e4 elementor-widget elementor-widget-text-editor\" data-id=\"5e540e4\" data-element_type=\"widget\" data-widget_type=\"text-editor.default\">\n\t\t\t\t\t\t\t\t\t<p>Participez \u00e0 une exp\u00e9rience de teinture en petit groupe (jusqu\u2019\u00e0 10 personnes).<\/p>\t\t\t\t\t\t\t\t<\/div>\n\t\t\t\t<div class=\"elementor-element elementor-element-24cf4c3 elementor-align-center elementor-widget elementor-widget-button\" data-id=\"24cf4c3\" data-element_type=\"widget\" data-widget_type=\"button.default\">\n\t\t\t\t\t\t\t\t\t\t<a class=\"elementor-button elementor-button-link elementor-size-sm\" href=\"#\">\n\t\t\t\t\t\t<span class=\"elementor-button-content-wrapper\">\n\t\t\t\t\t\t\t\t\t<span class=\"elementor-button-text\">Cliquez ici<\/span>\n\t\t\t\t\t<\/span>\n\t\t\t\t\t<\/a>\n\t\t\t\t\t\t\t\t<\/div>\n\t\t\t\t<\/div>\n\t\t<div class=\"elementor-element elementor-element-b4c6840 e-con-full e-flex e-con e-child\" data-id=\"b4c6840\" data-element_type=\"container\">\n\t\t\t\t<div class=\"elementor-element elementor-element-a74f070 elementor-widget elementor-widget-image\" data-id=\"a74f070\" data-element_type=\"widget\" data-widget_type=\"image.default\">\n\t\t\t\t\t\t\t\t\t\t\t\t\t\t\t<img decoding=\"async\" width=\"1024\" height=\"768\" src=\"https:\/\/lesamisdelindigo.fr\/wp-content\/uploads\/2025\/11\/p1050360-1-1024x768.webp\" class=\"attachment-large size-large wp-image-148\" alt=\"\" srcset=\"https:\/\/lesamisdelindigo.fr\/wp-content\/uploads\/2025\/11\/p1050360-1-1024x768.webp 1024w, https:\/\/lesamisdelindigo.fr\/wp-content\/uploads\/2025\/11\/p1050360-1-300x225.webp 300w, https:\/\/lesamisdelindigo.fr\/wp-content\/uploads\/2025\/11\/p1050360-1-768x576.webp 768w, https:\/\/lesamisdelindigo.fr\/wp-content\/uploads\/2025\/11\/p1050360-1-1536x1152.webp 1536w, https:\/\/lesamisdelindigo.fr\/wp-content\/uploads\/2025\/11\/p1050360-1-scaled.webp 1920w\" sizes=\"(max-width: 1024px) 100vw, 1024px\" \/>\t\t\t\t\t\t\t\t\t\t\t\t\t\t\t<\/div>\n\t\t\t\t<div class=\"elementor-element elementor-element-8f7383a elementor-widget elementor-widget-heading\" data-id=\"8f7383a\" data-element_type=\"widget\" data-widget_type=\"heading.default\">\n\t\t\t\t\t<h5 class=\"elementor-heading-title elementor-size-default\">Conf\u00e9rences &amp; Rencontres<\/h5>\t\t\t\t<\/div>\n\t\t\t\t<div class=\"elementor-element elementor-element-cdd353b elementor-widget elementor-widget-text-editor\" data-id=\"cdd353b\" data-element_type=\"widget\" data-widget_type=\"text-editor.default\">\n\t\t\t\t\t\t\t\t\t<p>D\u00e9couvrez la symbolique du bleu et la spiritualit\u00e9 des traditions.<\/p>\t\t\t\t\t\t\t\t<\/div>\n\t\t\t\t<div class=\"elementor-element elementor-element-7523c23 elementor-align-center elementor-widget elementor-widget-button\" data-id=\"7523c23\" data-element_type=\"widget\" data-widget_type=\"button.default\">\n\t\t\t\t\t\t\t\t\t\t<a class=\"elementor-button elementor-button-link elementor-size-sm\" href=\"#\">\n\t\t\t\t\t\t<span class=\"elementor-button-content-wrapper\">\n\t\t\t\t\t\t\t\t\t<span class=\"elementor-button-text\">Cliquez ici<\/span>\n\t\t\t\t\t<\/span>\n\t\t\t\t\t<\/a>\n\t\t\t\t\t\t\t\t<\/div>\n\t\t\t\t<\/div>\n\t\t<div class=\"elementor-element elementor-element-aa08b22 e-con-full e-flex e-con e-child\" data-id=\"aa08b22\" data-element_type=\"container\">\n\t\t\t\t<div class=\"elementor-element elementor-element-e6153fb elementor-widget elementor-widget-image\" data-id=\"e6153fb\" data-element_type=\"widget\" data-widget_type=\"image.default\">\n\t\t\t\t\t\t\t\t\t\t\t\t\t\t\t<img loading=\"lazy\" decoding=\"async\" width=\"1024\" height=\"608\" src=\"https:\/\/lesamisdelindigo.fr\/wp-content\/uploads\/2025\/11\/p1050371-2-1024x608.jpg\" class=\"attachment-large size-large wp-image-154\" alt=\"\" srcset=\"https:\/\/lesamisdelindigo.fr\/wp-content\/uploads\/2025\/11\/p1050371-2-1024x608.jpg 1024w, https:\/\/lesamisdelindigo.fr\/wp-content\/uploads\/2025\/11\/p1050371-2-300x178.jpg 300w, https:\/\/lesamisdelindigo.fr\/wp-content\/uploads\/2025\/11\/p1050371-2-768x456.jpg 768w, https:\/\/lesamisdelindigo.fr\/wp-content\/uploads\/2025\/11\/p1050371-2-1536x912.jpg 1536w, https:\/\/lesamisdelindigo.fr\/wp-content\/uploads\/2025\/11\/p1050371-2-2048x1216.jpg 2048w\" sizes=\"(max-width: 1024px) 100vw, 1024px\" \/>\t\t\t\t\t\t\t\t\t\t\t\t\t\t\t<\/div>\n\t\t\t\t<div class=\"elementor-element elementor-element-dfca2f3 elementor-widget elementor-widget-heading\" data-id=\"dfca2f3\" data-element_type=\"widget\" data-widget_type=\"heading.default\">\n\t\t\t\t\t<h5 class=\"elementor-heading-title elementor-size-default\">Vente artisanale<\/h5>\t\t\t\t<\/div>\n\t\t\t\t<div class=\"elementor-element elementor-element-a0deebd elementor-widget elementor-widget-text-editor\" data-id=\"a0deebd\" data-element_type=\"widget\" data-widget_type=\"text-editor.default\">\n\t\t\t\t\t\t\t\t\t<p>Repartez avec une cr\u00e9ation teinte \u00e0 la main, empreinte de culture.<\/p>\t\t\t\t\t\t\t\t<\/div>\n\t\t\t\t<div class=\"elementor-element elementor-element-08d3f29 elementor-align-center elementor-widget elementor-widget-button\" data-id=\"08d3f29\" data-element_type=\"widget\" data-widget_type=\"button.default\">\n\t\t\t\t\t\t\t\t\t\t<a class=\"elementor-button elementor-button-link elementor-size-sm\" href=\"#\">\n\t\t\t\t\t\t<span class=\"elementor-button-content-wrapper\">\n\t\t\t\t\t\t\t\t\t<span class=\"elementor-button-text\">Cliquez ici<\/span>\n\t\t\t\t\t<\/span>\n\t\t\t\t\t<\/a>\n\t\t\t\t\t\t\t\t<\/div>\n\t\t\t\t<\/div>\n\t\t\t\t\t<\/div>\n\t\t\t\t<\/div>\n\t\t<div class=\"elementor-element elementor-element-d60b202 e-flex e-con-boxed e-con e-parent\" data-id=\"d60b202\" data-element_type=\"container\">\n\t\t\t\t\t<div class=\"e-con-inner\">\n\t\t\t\t<div class=\"elementor-element elementor-element-35a07d0 elementor-widget elementor-widget-heading\" data-id=\"35a07d0\" data-element_type=\"widget\" data-widget_type=\"heading.default\">\n\t\t\t\t\t<h2 class=\"elementor-heading-title elementor-size-default\">Restons en contact<\/h2>\t\t\t\t<\/div>\n\t\t\t\t<div class=\"elementor-element elementor-element-b749aa5 elementor-widget elementor-widget-wpforms\" data-id=\"b749aa5\" data-element_type=\"widget\" data-widget_type=\"wpforms.default\">\n\t\t\t\t<div class=\"elementor-widget-container\">\n\t\t\t\t\t<div class=\"wpforms-container wpforms-container-full wpforms-render-modern\" id=\"wpforms-182\"><form id=\"wpforms-form-182\" class=\"wpforms-validate wpforms-form wpforms-ajax-form\" data-formid=\"182\" method=\"post\" enctype=\"multipart\/form-data\" action=\"\/index.php?rest_route=%2Fwp%2Fv2%2Fpages%2F39\" data-token=\"5138b9eb66def9a54f66d695d0ea8b2d\" data-token-time=\"1775568710\"><noscript class=\"wpforms-error-noscript\">Veuillez activer JavaScript dans votre navigateur pour remplir ce formulaire.<\/noscript><div id=\"wpforms-error-noscript\" style=\"display: none;\">Veuillez activer JavaScript dans votre navigateur pour remplir ce formulaire.<\/div><div class=\"wpforms-field-container\"><div id=\"wpforms-182-field_1-container\" class=\"wpforms-field wpforms-field-name\" data-field-id=\"1\"><fieldset><legend class=\"wpforms-field-label\">Nom <span class=\"wpforms-required-label\" aria-hidden=\"true\">*<\/span><\/legend><div class=\"wpforms-field-row wpforms-field-medium\"><div class=\"wpforms-field-row-block wpforms-first wpforms-one-half\"><input type=\"text\" id=\"wpforms-182-field_1\" class=\"wpforms-field-name-first wpforms-field-required\" name=\"wpforms[fields][1][first]\" aria-errormessage=\"wpforms-182-field_1-error\" required><label for=\"wpforms-182-field_1\" class=\"wpforms-field-sublabel after\">Pr\u00e9nom<\/label><\/div><div class=\"wpforms-field-row-block wpforms-one-half\"><input type=\"text\" id=\"wpforms-182-field_1-last\" class=\"wpforms-field-name-last wpforms-field-required\" name=\"wpforms[fields][1][last]\" aria-errormessage=\"wpforms-182-field_1-last-error\" required><label for=\"wpforms-182-field_1-last\" class=\"wpforms-field-sublabel after\">Nom<\/label><\/div><\/div><\/fieldset><\/div><div id=\"wpforms-182-field_2-container\" class=\"wpforms-field wpforms-field-email\" data-field-id=\"2\"><label class=\"wpforms-field-label\" for=\"wpforms-182-field_2\">E-mail <span class=\"wpforms-required-label\" aria-hidden=\"true\">*<\/span><\/label><input type=\"email\" id=\"wpforms-182-field_2\" class=\"wpforms-field-medium wpforms-field-required\" name=\"wpforms[fields][2]\" spellcheck=\"false\" aria-errormessage=\"wpforms-182-field_2-error\" required><\/div>\t\t<div id=\"wpforms-182-field_4-container\"\n\t\t\tclass=\"wpforms-field wpforms-field-text\"\n\t\t\tdata-field-type=\"text\"\n\t\t\tdata-field-id=\"4\"\n\t\t\t>\n\t\t\t<label class=\"wpforms-field-label\" for=\"wpforms-182-field_4\" >message Commentaire Nom<\/label>\n\t\t\t<input type=\"text\" id=\"wpforms-182-field_4\" class=\"wpforms-field-medium\" name=\"wpforms[fields][4]\" >\n\t\t<\/div>\n\t\t<div id=\"wpforms-182-field_3-container\" class=\"wpforms-field wpforms-field-textarea\" data-field-id=\"3\"><label class=\"wpforms-field-label\" for=\"wpforms-182-field_3\">Commentaire ou message<\/label><textarea id=\"wpforms-182-field_3\" class=\"wpforms-field-medium\" name=\"wpforms[fields][3]\" aria-errormessage=\"wpforms-182-field_3-error\" ><\/textarea><\/div><script>\n\t\t\t\t( function() {\n\t\t\t\t\tconst style = document.createElement( 'style' );\n\t\t\t\t\tstyle.appendChild( document.createTextNode( '#wpforms-182-field_4-container { position: absolute !important; overflow: hidden !important; display: inline !important; height: 1px !important; width: 1px !important; z-index: -1000 !important; padding: 0 !important; } #wpforms-182-field_4-container input { visibility: hidden; } #wpforms-conversational-form-page #wpforms-182-field_4-container label { counter-increment: none; }' ) );\n\t\t\t\t\tdocument.head.appendChild( style );\n\t\t\t\t\tdocument.currentScript?.remove();\n\t\t\t\t} )();\n\t\t\t<\/script><\/div><!-- .wpforms-field-container --><div class=\"wpforms-submit-container\" ><input type=\"hidden\" name=\"wpforms[id]\" value=\"182\"><input type=\"hidden\" name=\"page_title\" value=\"\"><input type=\"hidden\" name=\"page_url\" value=\"https:\/\/lesamisdelindigo.fr\/index.php?rest_route=\/wp\/v2\/pages\/39\"><input type=\"hidden\" name=\"url_referer\" value=\"\"><button type=\"submit\" name=\"wpforms[submit]\" id=\"wpforms-submit-182\" class=\"wpforms-submit\" data-alt-text=\"Envoi...\" data-submit-text=\"Envoyer\" aria-live=\"assertive\" value=\"wpforms-submit\">Envoyer<\/button><img loading=\"lazy\" decoding=\"async\" src=\"https:\/\/lesamisdelindigo.fr\/wp-content\/plugins\/wpforms-lite\/assets\/images\/submit-spin.svg\" class=\"wpforms-submit-spinner\" style=\"display: none;\" width=\"26\" height=\"26\" alt=\"Chargement en cours\"><\/div><\/form><\/div>  <!-- .wpforms-container -->\t\t\t\t<\/div>\n\t\t\t\t<\/div>\n\t\t\t\t\t<\/div>\n\t\t\t\t<\/div>\n\t\t\t\t<\/div>\n\t\t","protected":false},"excerpt":{"rendered":"<p>D\u00e9couvrez le monde Indigo et la teinture naturelle 100% \u00e9cologique Les Amis de l\u2019Indigo Un lieu vivant sur l\u2019\u00eele de Marie-Galante o\u00f9 l\u2019on d\u00e9couvre l\u2019histoire et la spiritualit\u00e9 de la teinture indigo traditionnelle.\u00c0 travers le geste, la parole et la couleur, l\u2019atelier transmet un savoir ancestral, invite \u00e0 la contemplation et \u00e0 la curiosit\u00e9, tout&#8230;<\/p>\n","protected":false},"author":1,"featured_media":0,"parent":0,"menu_order":0,"comment_status":"closed","ping_status":"closed","template":"","meta":{"_kad_post_transparent":"","_kad_post_title":"hide","_kad_post_layout":"fullwidth","_kad_post_sidebar_id":"","_kad_post_content_style":"unboxed","_kad_post_vertical_padding":"hide","_kad_post_feature":"hide","_kad_post_feature_position":"","_kad_post_header":false,"_kad_post_footer":false,"footnotes":""},"class_list":["post-39","page","type-page","status-publish","hentry"],"_links":{"self":[{"href":"https:\/\/lesamisdelindigo.fr\/index.php?rest_route=\/wp\/v2\/pages\/39","targetHints":{"allow":["GET"]}}],"collection":[{"href":"https:\/\/lesamisdelindigo.fr\/index.php?rest_route=\/wp\/v2\/pages"}],"about":[{"href":"https:\/\/lesamisdelindigo.fr\/index.php?rest_route=\/wp\/v2\/types\/page"}],"author":[{"embeddable":true,"href":"https:\/\/lesamisdelindigo.fr\/index.php?rest_route=\/wp\/v2\/users\/1"}],"replies":[{"embeddable":true,"href":"https:\/\/lesamisdelindigo.fr\/index.php?rest_route=%2Fwp%2Fv2%2Fcomments&post=39"}],"version-history":[{"count":28,"href":"https:\/\/lesamisdelindigo.fr\/index.php?rest_route=\/wp\/v2\/pages\/39\/revisions"}],"predecessor-version":[{"id":212,"href":"https:\/\/lesamisdelindigo.fr\/index.php?rest_route=\/wp\/v2\/pages\/39\/revisions\/212"}],"wp:attachment":[{"href":"https:\/\/lesamisdelindigo.fr\/index.php?rest_route=%2Fwp%2Fv2%2Fmedia&parent=39"}],"curies":[{"name":"wp","href":"https:\/\/api.w.org\/{rel}","templated":true}]}}